{"id":373,"date":"2024-07-18T21:11:12","date_gmt":"2024-07-18T21:11:12","guid":{"rendered":"https:\/\/faunam.org\/?page_id=373"},"modified":"2024-07-24T16:05:05","modified_gmt":"2024-07-24T16:05:05","slug":"contacto","status":"publish","type":"page","link":"https:\/\/faunam.org\/en\/contacto\/","title":{"rendered":"Contacto"},"content":{"rendered":"<div class=\"wp-block-group is-vertical is-layout-flex wp-container-core-group-is-layout-8cf370e7 wp-block-group-is-layout-flex\">\n<div class=\"wp-block-group is-nowrap is-layout-flex wp-container-core-group-is-layout-ad2f72ca wp-block-group-is-layout-flex\">\n<figure class=\"wp-block-image size-full is-resized col-xs-3 px-0\"><img loading=\"lazy\" decoding=\"async\" width=\"940\" height=\"903\" src=\"https:\/\/faunam.org\/wp-content\/uploads\/2024\/07\/email.png\" alt=\"\" class=\"wp-image-374\" style=\"object-fit:contain;width:50px;height:50px\" srcset=\"https:\/\/faunam.org\/wp-content\/uploads\/2024\/07\/email.png 940w, https:\/\/faunam.org\/wp-content\/uploads\/2024\/07\/email-300x288.png 300w, https:\/\/faunam.org\/wp-content\/uploads\/2024\/07\/email-768x738.png 768w\" sizes=\"auto, (max-width: 940px) 100vw, 940px\" \/><\/figure>\n\n\n\n<p class=\"col-xs-12 px-0 link\">pg7faunam@yahoo.com.mx<\/p>\n<\/div>\n\n\n\n<div class=\"wp-block-group is-nowrap is-layout-flex wp-container-core-group-is-layout-ad2f72ca wp-block-group-is-layout-flex\">\n<figure class=\"wp-block-image size-full is-resized col-xs-2 col-sm-1 px-0\"><img loading=\"lazy\" decoding=\"async\" width=\"940\" height=\"903\" src=\"https:\/\/faunam.org\/wp-content\/uploads\/2024\/07\/direccion.png\" alt=\"\" class=\"wp-image-375\" style=\"object-fit:contain;width:50px;height:50px\" srcset=\"https:\/\/faunam.org\/wp-content\/uploads\/2024\/07\/direccion.png 940w, https:\/\/faunam.org\/wp-content\/uploads\/2024\/07\/direccion-300x288.png 300w, https:\/\/faunam.org\/wp-content\/uploads\/2024\/07\/direccion-768x738.png 768w\" sizes=\"auto, (max-width: 940px) 100vw, 940px\" \/><\/figure>\n\n\n\n<p class=\"col-xs-12 px-0 link\">Jos\u00e9 Ma. Velasco No. 101 piso 6, San Jos\u00e9 Insurgentes, 03900, Ciudad de M\u00e9xico, M\u00e9xico<\/p>\n<\/div>\n<\/div>\n\n\n\n<div style=\"height:60px\" aria-hidden=\"true\" class=\"wp-block-spacer\"><\/div>\n\n\n\n<p><\/p>","protected":false},"excerpt":{"rendered":"<p>pg7faunam@yahoo.com.mx Jos\u00e9 Ma. Velasco No. 101 piso 6, San Jos\u00e9 Insurgentes, 03900, Ciudad de M\u00e9xico, M\u00e9xico<\/p>","protected":false},"author":1,"featured_media":59,"parent":0,"menu_order":0,"comment_status":"closed","ping_status":"closed","template":"","meta":{"footnotes":""},"class_list":["post-373","page","type-page","status-publish","has-post-thumbnail","hentry"],"_links":{"self":[{"href":"https:\/\/faunam.org\/en\/wp-json\/wp\/v2\/pages\/373","targetHints":{"allow":["GET"]}}],"collection":[{"href":"https:\/\/faunam.org\/en\/wp-json\/wp\/v2\/pages"}],"about":[{"href":"https:\/\/faunam.org\/en\/wp-json\/wp\/v2\/types\/page"}],"author":[{"embeddable":true,"href":"https:\/\/faunam.org\/en\/wp-json\/wp\/v2\/users\/1"}],"replies":[{"embeddable":true,"href":"https:\/\/faunam.org\/en\/wp-json\/wp\/v2\/comments?post=373"}],"version-history":[{"count":5,"href":"https:\/\/faunam.org\/en\/wp-json\/wp\/v2\/pages\/373\/revisions"}],"predecessor-version":[{"id":599,"href":"https:\/\/faunam.org\/en\/wp-json\/wp\/v2\/pages\/373\/revisions\/599"}],"wp:featuredmedia":[{"embeddable":true,"href":"https:\/\/faunam.org\/en\/wp-json\/wp\/v2\/media\/59"}],"wp:attachment":[{"href":"https:\/\/faunam.org\/en\/wp-json\/wp\/v2\/media?parent=373"}],"curies":[{"name":"wp","href":"https:\/\/api.w.org\/{rel}","templated":true}]}}