{"id":289,"date":"2024-07-18T18:11:29","date_gmt":"2024-07-18T18:11:29","guid":{"rendered":"https:\/\/faunam.org\/?page_id=289"},"modified":"2026-03-24T18:15:29","modified_gmt":"2026-03-24T18:15:29","slug":"biblioteca","status":"publish","type":"page","link":"https:\/\/faunam.org\/en\/biblioteca\/","title":{"rendered":"BIENVENIDO A LA BIBLIOTECA"},"content":{"rendered":"<div class=\"wp-block-group flex-column-reverse flex-sm-row is-nowrap is-layout-flex wp-container-core-group-is-layout-ad2f72ca wp-block-group-is-layout-flex\">\n<div class=\"wp-block-group col-xs-12 col-sm-10 px-0 is-vertical is-content-justification-left is-layout-flex wp-container-core-group-is-layout-e497e2f9 wp-block-group-is-layout-flex\">\n<h4 class=\"wp-block-heading\"><strong>Biblioteca<\/strong><\/h4>\n\n\n\n<p>Compendio f\u00edsico especializado de m\u00e1s de 5,000 libros, publicaciones, art\u00edculos y revistas de temas relacionados al medio ambiente, agua, vida animal, entre otros.<\/p>\n\n\n\n<div class=\"wp-block-buttons col-12 justify-content-center is-layout-flex wp-block-buttons-is-layout-flex\">\n<div class=\"wp-block-button btn btn-primary is-style-fill\"><a class=\"wp-block-button__link wp-element-button\" href=\"https:\/\/faunam.org\/en\/library\/public\/\" style=\"border-radius:15px\" target=\"_blank\" rel=\"noreferrer noopener\">Ingresar<\/a><\/div>\n<\/div>\n\n\n\n<h4 class=\"wp-block-heading\"><strong>Acervo General<\/strong><\/h4>\n\n\n\n<p>Acceso exclusivo para miembros de FAUNAM. En esta secci\u00f3n se encuentra el acervo GENERAL de FAUNAM.<\/p>\n\n\n\n<div class=\"wp-block-buttons col-12 justify-content-center is-layout-flex wp-block-buttons-is-layout-flex\">\n<div class=\"wp-block-button btn btn-primary is-style-fill\"><a class=\"wp-block-button__link wp-element-button\" style=\"border-radius:15px\">Ingresar<\/a><\/div>\n<\/div>\n<\/div>\n\n\n\n<figure class=\"wp-block-image size-full is-resized col-md-2 px-0\"><img loading=\"lazy\" decoding=\"async\" width=\"939\" height=\"929\" src=\"https:\/\/faunam.org\/wp-content\/uploads\/2024\/07\/acervo_general.png\" alt=\"\" class=\"wp-image-290\" style=\"object-fit:contain;width:150px;height:150px\" srcset=\"https:\/\/faunam.org\/wp-content\/uploads\/2024\/07\/acervo_general.png 939w, https:\/\/faunam.org\/wp-content\/uploads\/2024\/07\/acervo_general-300x297.png 300w, https:\/\/faunam.org\/wp-content\/uploads\/2024\/07\/acervo_general-768x760.png 768w\" sizes=\"auto, (max-width: 939px) 100vw, 939px\" \/><\/figure>\n<\/div>\n\n\n\n<div class=\"wp-block-group flex-column-reverse flex-sm-row is-nowrap is-layout-flex wp-container-core-group-is-layout-ad2f72ca wp-block-group-is-layout-flex\">\n<div class=\"wp-block-group col-xs-12 col-sm-10 px-0 is-vertical is-content-justification-left is-layout-flex wp-container-core-group-is-layout-e497e2f9 wp-block-group-is-layout-flex\">\n<h4 class=\"wp-block-heading\"><strong>Acervo Bosque de Agua<\/strong><\/h4>\n\n\n\n<p>Para tener acceso al acervo del BOSQUE DE AGUA se requiere que usted se registre y realice un pago \u00fanico de $3.00 USD a trav\u00e9s de PayPal. Su registro y acceso tiene una vigencia de treinta d\u00edas, durante los cuales podr\u00e1 consultar sin restricciones los m\u00e1s de 9000 t\u00edtulos clasificados.<\/p>\n\n\n\n<div class=\"wp-block-buttons col-12 justify-content-center is-layout-flex wp-block-buttons-is-layout-flex\">\n<form action=\"https:\/\/www.paypal.com\/cgi-bin\/webscr\" method=\"post\" target=\"_top\" data-trp-original-action=\"https:\/\/www.paypal.com\/cgi-bin\/webscr\">\n<input type=\"hidden\" name=\"cmd\" value=\"_s-xclick\">\n<input type=\"hidden\" name=\"hosted_button_id\" value=\"UVYBEXCDW9NS2\">\n<div class=\"wp-block-button btn btn-primary my-0 is-style-fill\"><button src=\"https:\/\/www.paypalobjects.com\/es_XC\/MX\/i\/btn\/btn_buynowCC_LG.gif\" class=\"wp-block-button__link wp-element-button my-0\" style=\"border-radius:15px\" name=\"submit\" alt=\"PayPal, la forma m\u00e1s segura y r\u00e1pida de pagar en l\u00ednea.\">Pagar<\/button><\/div>\n<input type=\"hidden\" name=\"trp-form-language\" value=\"en\"\/><\/form>\n<\/div>\n<\/div>\n\n\n\n<figure class=\"wp-block-image size-full is-resized col-md-2 px-0\"><img loading=\"lazy\" decoding=\"async\" width=\"940\" height=\"903\" src=\"https:\/\/faunam.org\/wp-content\/uploads\/2024\/07\/bosque_de_agua.png\" alt=\"\" class=\"wp-image-310\" style=\"object-fit:contain;width:150px;height:150px\" srcset=\"https:\/\/faunam.org\/wp-content\/uploads\/2024\/07\/bosque_de_agua.png 940w, https:\/\/faunam.org\/wp-content\/uploads\/2024\/07\/bosque_de_agua-300x288.png 300w, https:\/\/faunam.org\/wp-content\/uploads\/2024\/07\/bosque_de_agua-768x738.png 768w\" sizes=\"auto, (max-width: 940px) 100vw, 940px\" \/><\/figure>\n<\/div>\n\n\n\n<div class=\"wp-block-group flex-column-reverse flex-sm-row is-nowrap is-layout-flex wp-container-core-group-is-layout-ad2f72ca wp-block-group-is-layout-flex\">\n<div class=\"wp-block-group col-xs-12 col-sm-10 px-0 is-vertical is-content-justification-left is-layout-flex wp-container-core-group-is-layout-e497e2f9 wp-block-group-is-layout-flex\">\n<h4 class=\"wp-block-heading\"><strong>Material de clases<\/strong><\/h4>\n\n\n\n<p>Acceso exclusivo para alumnos de cursos, talleres y seminarios impartidos por miembros del equipo de FAUNAM. En esta secci\u00f3n encontrar\u00e1n temarios, material did\u00e1ctico y diversos recursos educativos.<\/p>\n\n\n\n<div class=\"wp-block-buttons col-12 justify-content-center is-layout-flex wp-block-buttons-is-layout-flex\">\n<div class=\"wp-block-button btn btn-primary is-style-fill\"><a class=\"wp-block-button__link wp-element-button\" style=\"border-radius:15px\">Acceso Alumnos<\/a><\/div>\n<\/div>\n<\/div>\n\n\n\n<figure class=\"wp-block-image size-full is-resized col-md-2 px-0\"><img loading=\"lazy\" decoding=\"async\" width=\"940\" height=\"903\" src=\"https:\/\/faunam.org\/wp-content\/uploads\/2024\/07\/Material_de_clases.png\" alt=\"\" class=\"wp-image-311\" style=\"object-fit:contain;width:150px;height:150px\" srcset=\"https:\/\/faunam.org\/wp-content\/uploads\/2024\/07\/Material_de_clases.png 940w, https:\/\/faunam.org\/wp-content\/uploads\/2024\/07\/Material_de_clases-300x288.png 300w, https:\/\/faunam.org\/wp-content\/uploads\/2024\/07\/Material_de_clases-768x738.png 768w\" sizes=\"auto, (max-width: 940px) 100vw, 940px\" \/><\/figure>\n<\/div>\n\n\n\n<div class=\"wp-block-group flex-column-reverse flex-sm-row is-nowrap is-layout-flex wp-container-core-group-is-layout-ad2f72ca wp-block-group-is-layout-flex\">\n<div class=\"wp-block-group col-xs-12 col-sm-10 px-0 is-vertical is-content-justification-left is-layout-flex wp-container-core-group-is-layout-e497e2f9 wp-block-group-is-layout-flex\">\n<h4 class=\"wp-block-heading\"><strong>Congresos y conferencias<\/strong><\/h4>\n\n\n\n<p>En esta secci\u00f3n encontrar\u00e1n conferencias dictadas y presentaciones hechas por el equipo de FAUNAM en congresos, foros, reuniones, debates, entre otros.<\/p>\n\n\n\n<div class=\"wp-block-buttons col-12 justify-content-center is-layout-flex wp-block-buttons-is-layout-flex\">\n<div class=\"wp-block-button btn btn-primary is-style-fill\"><a class=\"wp-block-button__link wp-element-button\" style=\"border-radius:15px\">Ingresar<\/a><\/div>\n<\/div>\n<\/div>\n\n\n\n<figure class=\"wp-block-image size-full is-resized col-md-2 px-0\"><img loading=\"lazy\" decoding=\"async\" width=\"939\" height=\"903\" src=\"https:\/\/faunam.org\/wp-content\/uploads\/2024\/07\/Congresos_y_conferencias.png\" alt=\"\" class=\"wp-image-312\" style=\"object-fit:contain;width:150px;height:150px\" srcset=\"https:\/\/faunam.org\/wp-content\/uploads\/2024\/07\/Congresos_y_conferencias.png 939w, https:\/\/faunam.org\/wp-content\/uploads\/2024\/07\/Congresos_y_conferencias-300x288.png 300w, https:\/\/faunam.org\/wp-content\/uploads\/2024\/07\/Congresos_y_conferencias-768x739.png 768w\" sizes=\"auto, (max-width: 939px) 100vw, 939px\" \/><\/figure>\n<\/div>\n\n\n\n<h4 class=\"wp-block-heading\"><strong>Acervo Audiovisual<\/strong><\/h4>\n\n\n\n<div class=\"wp-block-group is-vertical is-content-justification-stretch is-layout-flex wp-container-core-group-is-layout-b16ad781 wp-block-group-is-layout-flex\">\n<div class=\"wp-block-group is-nowrap is-layout-flex wp-container-core-group-is-layout-ad2f72ca wp-block-group-is-layout-flex\">\n<figure class=\"wp-block-embed is-type-rich is-provider-gestor-del-servicio wp-block-embed-gestor-del-servicio col-md-2 mini-video wp-embed-aspect-16-9 wp-has-aspect-ratio wp-container-content-759e20a8\"><div class=\"wp-block-embed__wrapper\">\n<iframe loading=\"lazy\" title=\"PETer Plastik\" width=\"750\" height=\"422\" src=\"https:\/\/www.youtube.com\/embed\/CjNE6Svda0U?feature=oembed\" frameborder=\"0\" allow=\"accelerometer; autoplay; clipboard-write; encrypted-media; gyroscope; picture-in-picture; web-share\" referrerpolicy=\"strict-origin-when-cross-origin\" allowfullscreen><\/iframe>\n<\/div><\/figure>\n\n\n\n<p class=\"col-md-10\">PETer Plastik<\/p>\n<\/div>\n\n\n\n<div class=\"wp-block-group is-nowrap is-layout-flex wp-container-core-group-is-layout-ad2f72ca wp-block-group-is-layout-flex\">\n<figure class=\"wp-block-embed is-type-video is-provider-youtube wp-block-embed-youtube col-md-2 mini-video wp-embed-aspect-16-9 wp-has-aspect-ratio wp-container-content-759e20a8\"><div class=\"wp-block-embed__wrapper\">\n<iframe loading=\"lazy\" title=\"Di\u00e1logo D\u00eda de la Tierra 2021: Una Educaci\u00f3n hacia una civilizaci\u00f3n planetaria y ecol\u00f3gica\" width=\"750\" height=\"422\" src=\"https:\/\/www.youtube.com\/embed\/POIot5_YOzo?feature=oembed\" frameborder=\"0\" allow=\"accelerometer; autoplay; clipboard-write; encrypted-media; gyroscope; picture-in-picture; web-share\" referrerpolicy=\"strict-origin-when-cross-origin\" allowfullscreen><\/iframe>\n<\/div><\/figure>\n\n\n\n<p class=\"col-md-10\">Di\u00e1logo D\u00eda de la Tierra 2021: Una Educaci\u00f3n hacia una civilizaci\u00f3n planetaria y ecol\u00f3gica<\/p>\n<\/div>\n\n\n\n<div class=\"wp-block-group is-nowrap is-layout-flex wp-container-core-group-is-layout-ad2f72ca wp-block-group-is-layout-flex\">\n<figure class=\"wp-block-embed is-type-rich is-provider-gestor-del-servicio wp-block-embed-gestor-del-servicio col-md-2 mini-video wp-embed-aspect-16-9 wp-has-aspect-ratio wp-container-content-759e20a8\"><div class=\"wp-block-embed__wrapper\">\n<iframe loading=\"lazy\" title=\"Exploring Timelapse in Google Earth\" width=\"750\" height=\"422\" src=\"https:\/\/www.youtube.com\/embed\/5W-zPqrGQWA?feature=oembed\" frameborder=\"0\" allow=\"accelerometer; autoplay; clipboard-write; encrypted-media; gyroscope; picture-in-picture; web-share\" referrerpolicy=\"strict-origin-when-cross-origin\" allowfullscreen><\/iframe>\n<\/div><\/figure>\n\n\n\n<p class=\"col-md-10\">Exploring Timelapse in Google Earth<\/p>\n<\/div>\n\n\n\n<div class=\"wp-block-group is-nowrap is-layout-flex wp-container-core-group-is-layout-ad2f72ca wp-block-group-is-layout-flex\">\n<figure class=\"wp-block-image size-full is-resized col-md-2 mini-image\"><a href=\"https:\/\/fb.watch\/5vJYtBGpMF\/\"><img loading=\"lazy\" decoding=\"async\" width=\"710\" height=\"365\" src=\"https:\/\/faunam.org\/wp-content\/uploads\/2024\/07\/img_4.png\" alt=\"\" class=\"wp-image-337\" style=\"object-fit:contain;width:100px;height:100px\" srcset=\"https:\/\/faunam.org\/wp-content\/uploads\/2024\/07\/img_4.png 710w, https:\/\/faunam.org\/wp-content\/uploads\/2024\/07\/img_4-300x154.png 300w\" sizes=\"auto, (max-width: 710px) 100vw, 710px\" \/><\/a><\/figure>\n\n\n\n<p class=\"col-md-10\">El Papa en el D\u00eda de la Tierra: &#8220;\u00a1Es el momento de actuar!&#8221;<\/p>\n<\/div>\n\n\n\n<div class=\"wp-block-group is-nowrap is-layout-flex wp-container-core-group-is-layout-ad2f72ca wp-block-group-is-layout-flex\">\n<figure class=\"wp-block-image size-full is-resized col-md-2 mini-image\"><a href=\"https:\/\/earthxtv.com\/\"><img loading=\"lazy\" decoding=\"async\" width=\"720\" height=\"720\" src=\"https:\/\/faunam.org\/wp-content\/uploads\/2024\/07\/EarthX.png\" alt=\"\" class=\"wp-image-352\" style=\"object-fit:contain;width:100px;height:100px\" srcset=\"https:\/\/faunam.org\/wp-content\/uploads\/2024\/07\/EarthX.png 720w, https:\/\/faunam.org\/wp-content\/uploads\/2024\/07\/EarthX-300x300.png 300w, https:\/\/faunam.org\/wp-content\/uploads\/2024\/07\/EarthX-150x150.png 150w\" sizes=\"auto, (max-width: 720px) 100vw, 720px\" \/><\/a><\/figure>\n\n\n\n<p class=\"col-md-10\">EarthX<\/p>\n<\/div>\n\n\n\n<div class=\"wp-block-group is-nowrap is-layout-flex wp-container-core-group-is-layout-ad2f72ca wp-block-group-is-layout-flex\">\n<figure class=\"wp-block-embed is-type-rich is-provider-gestor-del-servicio wp-block-embed-gestor-del-servicio col-md-2 mini-video wp-embed-aspect-16-9 wp-has-aspect-ratio wp-container-content-759e20a8\"><div class=\"wp-block-embed__wrapper\">\n<iframe loading=\"lazy\" title=\"People vs. Extinction - Earth Day Launch 2021\" width=\"750\" height=\"422\" src=\"https:\/\/www.youtube.com\/embed\/B8fUM0mvHwk?feature=oembed\" frameborder=\"0\" allow=\"accelerometer; autoplay; clipboard-write; encrypted-media; gyroscope; picture-in-picture; web-share\" referrerpolicy=\"strict-origin-when-cross-origin\" allowfullscreen><\/iframe>\n<\/div><\/figure>\n\n\n\n<p class=\"col-md-10\">People vs. Extinction &#8211; Earth Day Launch 2021<\/p>\n<\/div>\n\n\n\n<div class=\"wp-block-group is-nowrap is-layout-flex wp-container-core-group-is-layout-ad2f72ca wp-block-group-is-layout-flex\">\n<figure class=\"wp-block-embed is-type-rich is-provider-gestor-del-servicio wp-block-embed-gestor-del-servicio col-md-2 mini-video wp-embed-aspect-16-9 wp-has-aspect-ratio wp-container-content-759e20a8\"><div class=\"wp-block-embed__wrapper\">\n<iframe loading=\"lazy\" title=\"Proyecci\u00f3n + mesa de di\u00e1logo | Aire | #ElTemaMX\" width=\"750\" height=\"422\" src=\"https:\/\/www.youtube.com\/embed\/tKqkG8kgYqc?feature=oembed\" frameborder=\"0\" allow=\"accelerometer; autoplay; clipboard-write; encrypted-media; gyroscope; picture-in-picture; web-share\" referrerpolicy=\"strict-origin-when-cross-origin\" allowfullscreen><\/iframe>\n<\/div><\/figure>\n\n\n\n<p class=\"col-md-10\">Proyecci\u00f3n + mesa de di\u00e1logo | Aire | #ElTemaMX<\/p>\n<\/div>\n\n\n\n<div class=\"wp-block-group is-nowrap is-layout-flex wp-container-core-group-is-layout-ad2f72ca wp-block-group-is-layout-flex\">\n<figure class=\"wp-block-embed is-type-rich is-provider-gestor-del-servicio wp-block-embed-gestor-del-servicio col-md-2 mini-video wp-embed-aspect-16-9 wp-has-aspect-ratio wp-container-content-759e20a8\"><div class=\"wp-block-embed__wrapper\">\n<iframe loading=\"lazy\" title=\"EL TEMA - EPISODIO 1: AGUA\" width=\"750\" height=\"422\" src=\"https:\/\/www.youtube.com\/embed\/_5VcPnXcbwE?feature=oembed\" frameborder=\"0\" allow=\"accelerometer; autoplay; clipboard-write; encrypted-media; gyroscope; picture-in-picture; web-share\" referrerpolicy=\"strict-origin-when-cross-origin\" allowfullscreen><\/iframe>\n<\/div><\/figure>\n\n\n\n<p class=\"col-md-10\">EL TEMA &#8211; EPISODIO 1: AGUA<\/p>\n<\/div>\n\n\n\n<div class=\"wp-block-group is-nowrap is-layout-flex wp-container-core-group-is-layout-ad2f72ca wp-block-group-is-layout-flex\">\n<figure class=\"wp-block-image size-full is-resized col-md-2 mini-image\"><a href=\"https:\/\/tv.apple.com\/mx\/movie\/el-ano-que-cambio-a-la-tierra\/umc.cmc.3fob3t7nfhehpb3ilgynzxmnu\"><img loading=\"lazy\" decoding=\"async\" width=\"1200\" height=\"675\" src=\"https:\/\/faunam.org\/wp-content\/uploads\/2024\/07\/img_10.jpg\" alt=\"\" class=\"wp-image-359\" style=\"object-fit:contain;width:100px;height:100px\" srcset=\"https:\/\/faunam.org\/wp-content\/uploads\/2024\/07\/img_10.jpg 1200w, https:\/\/faunam.org\/wp-content\/uploads\/2024\/07\/img_10-300x169.jpg 300w, https:\/\/faunam.org\/wp-content\/uploads\/2024\/07\/img_10-1024x576.jpg 1024w, https:\/\/faunam.org\/wp-content\/uploads\/2024\/07\/img_10-768x432.jpg 768w\" sizes=\"auto, (max-width: 1200px) 100vw, 1200px\" \/><\/a><\/figure>\n\n\n\n<p class=\"col-md-10\">El a\u00f1o que cambi\u00f3 a la Tierra | Apple TV+<\/p>\n<\/div>\n\n\n\n<div class=\"wp-block-group is-nowrap is-layout-flex wp-container-core-group-is-layout-ad2f72ca wp-block-group-is-layout-flex\">\n<figure class=\"wp-block-embed is-type-rich is-provider-gestor-del-servicio wp-block-embed-gestor-del-servicio col-md-2 mini-video wp-embed-aspect-16-9 wp-has-aspect-ratio wp-container-content-759e20a8\"><div class=\"wp-block-embed__wrapper\">\n<iframe loading=\"lazy\" title=\"EL TEMA - EPISODIO 2: AIRE\" width=\"750\" height=\"422\" src=\"https:\/\/www.youtube.com\/embed\/FDu1klqrplo?feature=oembed\" frameborder=\"0\" allow=\"accelerometer; autoplay; clipboard-write; encrypted-media; gyroscope; picture-in-picture; web-share\" referrerpolicy=\"strict-origin-when-cross-origin\" allowfullscreen><\/iframe>\n<\/div><\/figure>\n\n\n\n<p class=\"col-md-10\">EL TEMA &#8211; EPISODIO 2: AIRE<\/p>\n<\/div>\n\n\n\n<div class=\"wp-block-group is-nowrap is-layout-flex wp-container-core-group-is-layout-ad2f72ca wp-block-group-is-layout-flex\">\n<figure class=\"wp-block-embed is-type-rich is-provider-gestor-del-servicio wp-block-embed-gestor-del-servicio col-md-2 mini-video wp-embed-aspect-16-9 wp-has-aspect-ratio wp-container-content-759e20a8\"><div class=\"wp-block-embed__wrapper\">\n<iframe loading=\"lazy\" title=\"La Naturaleza Nos Habla | Juan Fernando Velasco es El Suelo\" width=\"750\" height=\"422\" src=\"https:\/\/www.youtube.com\/embed\/Woc62TCZTdo?feature=oembed\" frameborder=\"0\" allow=\"accelerometer; autoplay; clipboard-write; encrypted-media; gyroscope; picture-in-picture; web-share\" referrerpolicy=\"strict-origin-when-cross-origin\" allowfullscreen><\/iframe>\n<\/div><\/figure>\n\n\n\n<p class=\"col-md-10\">La Naturaleza Nos Habla | Juan Fernando Velasco es El Suelo<\/p>\n<\/div>\n\n\n\n<div class=\"wp-block-group is-nowrap is-layout-flex wp-container-core-group-is-layout-ad2f72ca wp-block-group-is-layout-flex\">\n<figure class=\"wp-block-embed is-type-rich is-provider-gestor-del-servicio wp-block-embed-gestor-del-servicio col-md-2 mini-video wp-embed-aspect-16-9 wp-has-aspect-ratio wp-container-content-759e20a8\"><div class=\"wp-block-embed__wrapper\">\n<iframe loading=\"lazy\" title=\"El discurso de Xiye Bastida en  Leaders Climate Summit\" width=\"750\" height=\"422\" src=\"https:\/\/www.youtube.com\/embed\/Oi83YbWmHQ4?feature=oembed\" frameborder=\"0\" allow=\"accelerometer; autoplay; clipboard-write; encrypted-media; gyroscope; picture-in-picture; web-share\" referrerpolicy=\"strict-origin-when-cross-origin\" allowfullscreen><\/iframe>\n<\/div><\/figure>\n\n\n\n<p class=\"col-md-10\">El discurso de Xiye Bastida en Leaders Climate Summit<\/p>\n<\/div>\n\n\n\n<div class=\"wp-block-group is-nowrap is-layout-flex wp-container-core-group-is-layout-ad2f72ca wp-block-group-is-layout-flex\">\n<figure class=\"wp-block-image size-full is-resized col-md-2 mini-image\"><a href=\"https:\/\/www.conservation.org\/la-naturaleza-nos-habla\/?ytVideoId=wT7n8BJC1RU\"><img loading=\"lazy\" decoding=\"async\" width=\"200\" height=\"200\" src=\"https:\/\/faunam.org\/wp-content\/uploads\/2024\/07\/img_142.png\" alt=\"\" class=\"wp-image-363\" style=\"object-fit:contain;width:100px;height:100px\" srcset=\"https:\/\/faunam.org\/wp-content\/uploads\/2024\/07\/img_142.png 200w, https:\/\/faunam.org\/wp-content\/uploads\/2024\/07\/img_142-150x150.png 150w\" sizes=\"auto, (max-width: 200px) 100vw, 200px\" \/><\/a><\/figure>\n\n\n\n<p class=\"col-md-10\">LA NATURALEZA NOS HABLA<\/p>\n<\/div>\n\n\n\n<div class=\"wp-block-group is-nowrap is-layout-flex wp-container-core-group-is-layout-ad2f72ca wp-block-group-is-layout-flex\">\n<figure class=\"wp-block-embed is-type-rich is-provider-gestor-del-servicio wp-block-embed-gestor-del-servicio col-md-2 mini-video wp-embed-aspect-16-9 wp-has-aspect-ratio wp-container-content-759e20a8\"><div class=\"wp-block-embed__wrapper\">\n<iframe loading=\"lazy\" title=\"\u00bfQu\u00e9 es el D\u00eda de la Sobrecapacidad de la Tierra? Nacho Dean, aventurero y divulgador\" width=\"750\" height=\"422\" src=\"https:\/\/www.youtube.com\/embed\/spwtQ8Qz8qo?feature=oembed\" frameborder=\"0\" allow=\"accelerometer; autoplay; clipboard-write; encrypted-media; gyroscope; picture-in-picture; web-share\" referrerpolicy=\"strict-origin-when-cross-origin\" allowfullscreen><\/iframe>\n<\/div><\/figure>\n\n\n\n<p class=\"col-md-10\">\u00bfQu\u00e9 es el D\u00eda de la Sobrecapacidad de la Tierra? Nacho Dean, aventurero y divulgador<\/p>\n<\/div>\n<\/div>\n\n\n\n<div style=\"height:50px\" aria-hidden=\"true\" class=\"wp-block-spacer\"><\/div>","protected":false},"excerpt":{"rendered":"<p>Biblioteca Compendio f\u00edsico especializado de m\u00e1s de 5,000 libros, publicaciones, art\u00edculos y revistas de temas relacionados al medio ambiente, agua, vida animal, entre otros. Acervo General Acceso exclusivo para miembros de FAUNAM. En esta secci\u00f3n se encuentra el acervo GENERAL de FAUNAM. Acervo Bosque de Agua Para tener acceso al [&hellip;]<\/p>","protected":false},"author":1,"featured_media":59,"parent":0,"menu_order":0,"comment_status":"closed","ping_status":"closed","template":"","meta":{"footnotes":""},"class_list":["post-289","page","type-page","status-publish","has-post-thumbnail","hentry"],"_links":{"self":[{"href":"https:\/\/faunam.org\/en\/wp-json\/wp\/v2\/pages\/289","targetHints":{"allow":["GET"]}}],"collection":[{"href":"https:\/\/faunam.org\/en\/wp-json\/wp\/v2\/pages"}],"about":[{"href":"https:\/\/faunam.org\/en\/wp-json\/wp\/v2\/types\/page"}],"author":[{"embeddable":true,"href":"https:\/\/faunam.org\/en\/wp-json\/wp\/v2\/users\/1"}],"replies":[{"embeddable":true,"href":"https:\/\/faunam.org\/en\/wp-json\/wp\/v2\/comments?post=289"}],"version-history":[{"count":38,"href":"https:\/\/faunam.org\/en\/wp-json\/wp\/v2\/pages\/289\/revisions"}],"predecessor-version":[{"id":865,"href":"https:\/\/faunam.org\/en\/wp-json\/wp\/v2\/pages\/289\/revisions\/865"}],"wp:featuredmedia":[{"embeddable":true,"href":"https:\/\/faunam.org\/en\/wp-json\/wp\/v2\/media\/59"}],"wp:attachment":[{"href":"https:\/\/faunam.org\/en\/wp-json\/wp\/v2\/media?parent=289"}],"curies":[{"name":"wp","href":"https:\/\/api.w.org\/{rel}","templated":true}]}}