{"id":216,"date":"2024-07-17T23:03:34","date_gmt":"2024-07-17T23:03:34","guid":{"rendered":"https:\/\/faunam.org\/?page_id=216"},"modified":"2024-12-09T19:00:58","modified_gmt":"2024-12-09T19:00:58","slug":"equipo_trabajo","status":"publish","type":"page","link":"https:\/\/faunam.org\/en\/equipo_trabajo\/","title":{"rendered":"Equipo de trabajo"},"content":{"rendered":"<p>Colectivamente, los investigadores que integran los grupos de trabajo de FAUNAM, disponen de los siguientes recursos y habilidades:<\/p>\n\n\n\n<ul class=\"wp-block-list\">\n<li>Antecedentes y experiencia verificable en proyectos interdisciplinarios diversos.<\/li>\n\n\n\n<li>Capacidad para reunir, analizar y presentar adecuadamente informaci\u00f3n por escrito y en otros formatos de salida (por ejemplo, digital, cartogr\u00e1fica, etc.).<\/li>\n\n\n\n<li>Disponibilidad para conducir entrevistas, asistir a reuniones y hacer presentaciones.<\/li>\n\n\n\n<li>Experiencia en el dise\u00f1o de instrumentos y mecanismos de apoyo a organizaciones y proyectos, incluso en capacitaci\u00f3n y entrenamiento t\u00e9cnico en varias materias y habilidades.<\/li>\n\n\n\n<li>Amplio conocimiento sobre pol\u00edticas p\u00fablicas, planificaci\u00f3n-estrategias, legislaci\u00f3n, control y regulaci\u00f3n en materia de biodiversidad, con experiencias m\u00e1s profundas en particular en torno al uso sustentable y conservaci\u00f3n de la fauna silvestre; especies en riesgo; manejo de recursos naturales; \u00e1reas naturales protegidas; manejo de UMAS; econom\u00eda ecol\u00f3gica, sustentabilidad, monitoreo y evaluaci\u00f3n, seguimiento de proyectos, entre otros temas.<\/li>\n\n\n\n<li>Equipo multidisciplinario con fortalezas diversas.<\/li>\n\n\n\n<li>Equipo de gabinete y de campo propio, transporte propio y biblioteca especializada (con m\u00e1s de 7,000 vol\u00famenes).<\/li>\n\n\n\n<li>Antecedentes en la realizaci\u00f3n de esfuerzos puntuales en materia de monitoreo y evaluaci\u00f3n del desempe\u00f1o de organizaciones conservacionistas, filantr\u00f3picas y programas y proyectos espec\u00edficos.<\/li>\n\n\n\n<li>Experiencia en formulaci\u00f3n de propuestas, esfuerzos varios de recaudaci\u00f3n de apoyos y fondos, capacitaci\u00f3n y asesor\u00eda en la materia.<\/li>\n\n\n\n<li>Experiencia en metodolog\u00edas de planificaci\u00f3n estrat\u00e9gica, auditorias administrativas y financieras, as\u00ed como m\u00e9todos de an\u00e1lisis institucional y organizacional.<\/li>\n\n\n\n<li>Discreci\u00f3n en el manejo y uso de la informaci\u00f3n.<\/li>\n\n\n\n<li>Referencias y registro verificable en las materias se\u00f1aladas<\/li>\n<\/ul>\n\n\n\n<h2 class=\"wp-block-heading\">Consejo Directivo<\/h2>\n\n\n\n<p>Los miembros del Consejo Directivo en orden alfab\u00e9tico son:<\/p>\n\n\n\n<ul class=\"wp-block-list\">\n<li>Jos\u00e9 Francisco Bernal Stoopen<\/li>\n\n\n\n<li>Alfredo Cuar\u00f3n Orozco<\/li>\n\n\n\n<li>Luis P\u00e9rez Gil Salcido<\/li>\n\n\n\n<li>Ram\u00f3n P\u00e9rez Gil Salcido<\/li>\n\n\n\n<li>Roberto Romero Ram\u00edrez<\/li>\n<\/ul>","protected":false},"excerpt":{"rendered":"<p>Colectivamente, los investigadores que integran los grupos de trabajo de FAUNAM, disponen de los siguientes recursos y habilidades: Consejo Directivo Los miembros del Consejo Directivo en orden alfab\u00e9tico son:<\/p>","protected":false},"author":1,"featured_media":59,"parent":0,"menu_order":0,"comment_status":"closed","ping_status":"closed","template":"","meta":{"footnotes":""},"class_list":["post-216","page","type-page","status-publish","has-post-thumbnail","hentry"],"_links":{"self":[{"href":"https:\/\/faunam.org\/en\/wp-json\/wp\/v2\/pages\/216","targetHints":{"allow":["GET"]}}],"collection":[{"href":"https:\/\/faunam.org\/en\/wp-json\/wp\/v2\/pages"}],"about":[{"href":"https:\/\/faunam.org\/en\/wp-json\/wp\/v2\/types\/page"}],"author":[{"embeddable":true,"href":"https:\/\/faunam.org\/en\/wp-json\/wp\/v2\/users\/1"}],"replies":[{"embeddable":true,"href":"https:\/\/faunam.org\/en\/wp-json\/wp\/v2\/comments?post=216"}],"version-history":[{"count":4,"href":"https:\/\/faunam.org\/en\/wp-json\/wp\/v2\/pages\/216\/revisions"}],"predecessor-version":[{"id":783,"href":"https:\/\/faunam.org\/en\/wp-json\/wp\/v2\/pages\/216\/revisions\/783"}],"wp:featuredmedia":[{"embeddable":true,"href":"https:\/\/faunam.org\/en\/wp-json\/wp\/v2\/media\/59"}],"wp:attachment":[{"href":"https:\/\/faunam.org\/en\/wp-json\/wp\/v2\/media?parent=216"}],"curies":[{"name":"wp","href":"https:\/\/api.w.org\/{rel}","templated":true}]}}