{"id":176,"date":"2024-07-17T22:18:38","date_gmt":"2024-07-17T22:18:38","guid":{"rendered":"https:\/\/faunam.org\/?page_id=176"},"modified":"2025-08-21T19:09:05","modified_gmt":"2025-08-21T19:09:05","slug":"historia","status":"publish","type":"page","link":"https:\/\/faunam.org\/en\/historia\/","title":{"rendered":"Historia"},"content":{"rendered":"<p>En 1975 Susana L\u00f3pez de Lara de la Fuente y Ram\u00f3n P\u00e9rez Gil Salcido deciden conformar un peque\u00f1o grupo de estudiantes de la carrera de biolog\u00eda que se integr\u00f3 denomin\u00e1ndose Grupo de Investigaciones para la Vida Silvestre en el \u00faltimo semestre de ese a\u00f1o. Con la incorporaci\u00f3n de Manuel Lemus Kourchenko y V\u00edctor M. S\u00e1nchez Cordero D. adoptan el nombre de FAUNAM, Investigaciones para la Vida Silvestre, al celebrar una primera asamblea \u201cconstitutiva\u201d el lunes 12 de enero de 1976 en la Facultad de Ciencias de la UNAM. Adoptan as\u00ed mismo como icono o logotipo la imagen de un Coyote, dibujada por Ram\u00f3n a partir del original de Schwarz del libro Fauna Silvestre de M\u00e9xico de quien despu\u00e9s fuera su maestro y sinodal, el Dr. Starker Leopold. Nace sin una personalidad jur\u00eddica definida, su condici\u00f3n de Asociaci\u00f3n Civil la adquiere muchos a\u00f1os despu\u00e9s al separarse de la Facultad de Ciencias de la UNAM.<\/p>\n\n\n\n<p>Entre 1975 y 1976 los integrantes de FAUNAM hicieron m\u00e1s de un viaje a la ciudad de Tuxtla Guti\u00e9rrez, Chiapas, entre otros motivos por el primer congreso de la Sociedad Mexicana de Ornitolog\u00eda. En ellos tuvieron ocasi\u00f3n de conocer al Profesor Miguel \u00c1lvarez del Toro, al Ing. C\u00e9sar Dom\u00ednguez y a Carlos Tejeda e interactuar con ellos y el equipo del zool\u00f3gico de Tuxtla Guti\u00e9rrez en algunas actividades como voluntarios. Participaron en el rescate de fauna en la presa de la Angostura, construida en el R\u00edo Grijalva y que se puso en operaci\u00f3n en 1976, lo mismo que en un par de expediciones de colecta al campo acompa\u00f1ando, aprendiendo y auxiliando al Prof. \u00c1lvarez del Toro.<\/p>\n\n\n\n<p>Tambi\u00e9n se beneficiaron de la interacci\u00f3n con el Dr. Enrique Beltr\u00e1n del Instituto Mexicano de Recursos Naturales Renovables (IMERNAR) quien incluso les involucro en visitas de campo. En esa \u00e9poca invitaron a varios maestros e investigadores a ser sus asesores, en particular a los maestros Manuel Rico Bernal, Cornelio S\u00e1nchez y Ambrosio Gonz\u00e1lez, quienes les auxiliaron a organizarse mejor y al armado del primer proyecto que le dio cohesi\u00f3n al grupo y fue el despegue franco de FAUNAM como organizaci\u00f3n, este fue el proyecto de \u201cRescate de fauna en Chicoas\u00e9n, Chiapas\u201d.<\/p>\n\n\n\n<p>En 1977 FAUNAM invita a varios profesores e investigadores a constituirse como su Consejo, de tal forma que este \u00f3rgano lo integraron (en orden alfab\u00e9tico): Prof. Miguel \u00c1lvarez del Toro, Dr. Avedis Aznavurian A., Dr. Arturo G\u00f3mez Pompa, Dr. Jos\u00e9 Ram\u00edrez Pulido, M. en C. Manuel Rico Bernal, Dr. Cornelio S\u00e1nchez H. y Dr. Jos\u00e9 A. Sarukh\u00e1n Kermez. Con su asesor\u00eda, tambi\u00e9n en 1977, los integrantes de FAUNAM, que hab\u00edan ya incorporado a nuevos estudiantes, dise\u00f1an, fundan y ponen en marcha y operaci\u00f3n junto con los grupos estudiantiles de trabajo acad\u00e9mico (GETA) de Herpetolog\u00eda y Ornitolog\u00eda el \u201cLaboratorio de Fauna Silvestre Miguel \u00c1lvarez del Toro\u201d en la propia Facultad de Ciencias, en el nuevo edificio del circuito exterior UNAM. El laboratorio fue inaugurado con la presencia del Prof. \u00c1lvarez del Toro, los miembros del Consejo y autoridades de la Facultad. El laboratorio oper\u00f3 por cinco a\u00f1os y en \u00e9l se integr\u00f3 la primera colecci\u00f3n nacional de referencia de huellas (moldes de yeso), pelo de guarda y excretas de mam\u00edferos mexicanos, as\u00ed como de nidos, huevos y plumas. (1977-1981).<\/p>\n\n\n\n<p>De 1977 al a\u00f1o 1980 FAUNAM, junto con los grupos estudiantiles de trabajo acad\u00e9mico de CEBA, LIH y Ornitolog\u00eda, imparten la materia de Zoolog\u00eda IV\/ Vertebrados (Grupo Experimental), como materia regular de la carrera de Biolog\u00eda de la Facultad de Ciencias, UNAM. Utilizan l\u00f3gicamente tambi\u00e9n las instalaciones del nuevo laboratorio. En t\u00e9rminos generales la modalidad implic\u00f3 que la maestra titular (Dra Mar\u00eda Villarroel) introdujera el tema de los cordados para dar pie a la intervenci\u00f3n del CEBA, que cubr\u00eda lo relativo a peces, el LIH lo relativo a anfibios y reptiles, Ornitolog\u00eda lo relativo a las aves y FAUNAM cerraba con las clases sobre mam\u00edferos.<\/p>\n\n\n\n<p>Parte importante del trabajo de los miembros de FAUNAM fue impartir platicas, conferencias y talleres, tanto en la Facultad de Ciencias como en otras entidades acad\u00e9micas dentro y fuera de la UNAM, sobre distintos temas relacionados con los mam\u00edferos en particular y la fauna silvestre en general, tales como conservaci\u00f3n, taxonom\u00eda, evoluci\u00f3n, conducta, m\u00e9todos de estudio en laboratorio y en campo. Por ello adem\u00e1s de impartir la materia de Zoolog\u00eda de vertebrados, participaron en otras materias, tales como Conducta animal (Etolog\u00eda), Ecolog\u00eda, Ecolog\u00eda urbana, Biolog\u00edas de campo sobre m\u00e9todos de estudio de mam\u00edferos, sobre abundancia y h\u00e1bitos alimenticios del zorrillo listado y otras especies, adem\u00e1s crearon la materia optativa de Ecolog\u00eda de la conducta.<\/p>\n\n\n\n<p>FAUNAM gestiono con la Compa\u00f1\u00eda de Luz y Fuerza del Centro un contrato de comodato para el uso de una caba\u00f1a ubicada en los llanos de El Capul\u00edn que se localizan entre los limites estatales de los estados de M\u00e9xico, Morelos y el Distrito Federal. Esta caba\u00f1a constituy\u00f3 una estaci\u00f3n de biolog\u00eda que permiti\u00f3 la realizaci\u00f3n de diversas investigaciones y el trabajo de campo no solo de los miembros de FAUNAM y los alumnos de la materia de Zoolog\u00eda de vertebrados antes mencionada, sino de varias generaciones de estudiantes de la Facultad de Ciencias y de otras organizaciones acad\u00e9micas.<\/p>\n\n\n\n<p>En la zona de El Capul\u00edn y en la Sierra del Ajusco-Chichinautzin, los integrantes de FAUNAM organizaron diversos cursos y varias biolog\u00edas de campo que eran materias optativas que los estudiantes de la Facultad de Ciencias pod\u00edan tomar haciendo trabajo e investigaci\u00f3n de campo y laboratorio. El trabajo de campo de muchas tesis de licenciatura y postgrado, estudios e investigaciones sobre una variedad de temas (de etnobot\u00e1nica y fauna silvestres en particular) tanto de investigadores de la UNAM como de otras universidades nacionales y hasta dos extranjeras (Universidad de Hokkaido, Jap\u00f3n y Universidad de East Anglia, Norwich, Inglaterra) tuvo lugar en esa zona y emplearon la estaci\u00f3n de FAUNAM.<\/p>\n\n\n\n<p>Durante su primera d\u00e9cada formaron parte del grupo FAUNAM treinta estudiantes de la Facultad de Ciencias, l\u00f3gicamente la rotaci\u00f3n era frecuente, a medida que egresaban de la carrera varios dejaban el grupo, aunque tambi\u00e9n se incorporaban nuevos integrantes. A lo largo de sus 49 a\u00f1os de existencia han colaborado directamente con FAUNAM 61 personas. De ellas 16 han colaborado tambi\u00e9n con PG7 y esta organizaci\u00f3n adem\u00e1s ha contado con 13 trabajadores directos, es decir cerca de 75 personas son quienes han podido concretar m\u00e1s de 90 proyectos en ese lapso.<\/p>","protected":false},"excerpt":{"rendered":"<p>En 1975 Susana L\u00f3pez de Lara de la Fuente y Ram\u00f3n P\u00e9rez Gil Salcido deciden conformar un peque\u00f1o grupo de estudiantes de la carrera de biolog\u00eda que se integr\u00f3 denomin\u00e1ndose Grupo de Investigaciones para la Vida Silvestre en el \u00faltimo semestre de ese a\u00f1o. Con la incorporaci\u00f3n de Manuel Lemus [&hellip;]<\/p>","protected":false},"author":1,"featured_media":59,"parent":0,"menu_order":0,"comment_status":"closed","ping_status":"closed","template":"","meta":{"footnotes":""},"class_list":["post-176","page","type-page","status-publish","has-post-thumbnail","hentry"],"_links":{"self":[{"href":"https:\/\/faunam.org\/en\/wp-json\/wp\/v2\/pages\/176","targetHints":{"allow":["GET"]}}],"collection":[{"href":"https:\/\/faunam.org\/en\/wp-json\/wp\/v2\/pages"}],"about":[{"href":"https:\/\/faunam.org\/en\/wp-json\/wp\/v2\/types\/page"}],"author":[{"embeddable":true,"href":"https:\/\/faunam.org\/en\/wp-json\/wp\/v2\/users\/1"}],"replies":[{"embeddable":true,"href":"https:\/\/faunam.org\/en\/wp-json\/wp\/v2\/comments?post=176"}],"version-history":[{"count":28,"href":"https:\/\/faunam.org\/en\/wp-json\/wp\/v2\/pages\/176\/revisions"}],"predecessor-version":[{"id":831,"href":"https:\/\/faunam.org\/en\/wp-json\/wp\/v2\/pages\/176\/revisions\/831"}],"wp:featuredmedia":[{"embeddable":true,"href":"https:\/\/faunam.org\/en\/wp-json\/wp\/v2\/media\/59"}],"wp:attachment":[{"href":"https:\/\/faunam.org\/en\/wp-json\/wp\/v2\/media?parent=176"}],"curies":[{"name":"wp","href":"https:\/\/api.w.org\/{rel}","templated":true}]}}